{"id":2166,"date":"2024-09-15T23:30:07","date_gmt":"2024-09-15T23:30:07","guid":{"rendered":"https:\/\/fundfinity.net\/haftungsausschluss\/"},"modified":"2026-01-26T14:15:28","modified_gmt":"2026-01-26T14:15:28","slug":"haftungsausschluss","status":"publish","type":"page","link":"https:\/\/fundfinity.net\/de\/haftungsausschluss\/","title":{"rendered":"Haftungsausschluss"},"content":{"rendered":"<p>[et_pb_section fb_built=&#8220;1&#8243; custom_padding_last_edited=&#8220;on|phone&#8220; admin_label=&#8220;Banner&#8220; _builder_version=&#8220;4.27.4&#8243; background_image=&#8220;https:\/\/fundfinity.net\/wp-content\/uploads\/2024\/04\/contact-us-bg-1.png&#8220; custom_padding=&#8220;100px||100px||true|false&#8220; custom_padding_tablet=&#8220;80px||80px||true|false&#8220; custom_padding_phone=&#8220;60px||60px||true|false&#8220; filter_brightness=&#8220;130%&#8220; custom_css_before=&#8220;   content:%22%22;||   position:absolute;||   height: 100%;||   width: 100%;||   background-color: rgba(0,0, 0 , .4); \/* set you overlay color *\/||top:0;||left:0;&#8220; locked=&#8220;off&#8220; global_colors_info=&#8220;{}&#8220;][et_pb_row column_structure=&#8220;1_2,1_2&#8243; make_equal=&#8220;on&#8220; custom_padding_last_edited=&#8220;on|phone&#8220; _builder_version=&#8220;4.24.3&#8243; width=&#8220;90%&#8220; custom_padding_tablet=&#8220;&#8220; custom_padding_phone=&#8220;0px||0px||true|false&#8220; global_colors_info=&#8220;{}&#8220;][et_pb_column type=&#8220;1_2&#8243; _builder_version=&#8220;4.24.3&#8243; custom_padding=&#8220;|||&#8220; global_colors_info=&#8220;{}&#8220; custom_padding__hover=&#8220;|||&#8220; custom_css_main_element_last_edited=&#8220;on|tablet&#8220; custom_css_main_element_tablet=&#8220;margin-bottom:0;&#8220; custom_css_main_element_phone=&#8220;margin-bottom:0;&#8220;][et_pb_text module_class=&#8220;f-banner-title&#8220; _builder_version=&#8220;4.24.3&#8243; text_font=&#8220;Visby CF||||||||&#8220; header_font=&#8220;Visby CF Demi|500|||||||&#8220; header_text_align=&#8220;right&#8220; header_font_size=&#8220;54px&#8220; header_letter_spacing=&#8220;1px&#8220; header_line_height=&#8220;1.3em&#8220; background_color=&#8220;rgba(5,80,143,0.5)&#8220; text_orientation=&#8220;right&#8220; background_layout=&#8220;dark&#8220; custom_padding=&#8220;60px|75px|60px|75px|true|true&#8220; custom_padding_tablet=&#8220;40px|40px|40px|40px|true|true&#8220; custom_padding_phone=&#8220;20px|20px|20px|20px|true|true&#8220; custom_padding_last_edited=&#8220;on|phone&#8220; animation_style=&#8220;flip&#8220; header_text_align_tablet=&#8220;left&#8220; header_text_align_phone=&#8220;left&#8220; header_text_align_last_edited=&#8220;on|tablet&#8220; header_font_size_tablet=&#8220;50px&#8220; header_font_size_phone=&#8220;30px&#8220; header_font_size_last_edited=&#8220;on|phone&#8220; custom_css_free_form=&#8220;.f-banner-title h1{||  padding-bottom:0||}&#8220; global_colors_info=&#8220;{}&#8220;]<\/p>\n<h1>Haftungs<\/h1>\n<h1>ausschluss<\/h1>\n<p>[\/et_pb_text][\/et_pb_column][et_pb_column type=&#8220;1_2&#8243; _builder_version=&#8220;4.24.2&#8243; custom_padding=&#8220;50px||||false|false&#8220; custom_padding_tablet=&#8220;20px|||&#8220; custom_padding_phone=&#8220;20px|||&#8220; custom_padding_last_edited=&#8220;on|desktop&#8220; custom_css_main_element=&#8220;    display: flex;||    flex-direction: column;||    justify-content: center;&#8220; global_colors_info=&#8220;{}&#8220; padding_tablet=&#8220;20px|||&#8220; padding_last_edited=&#8220;on|phone&#8220; custom_padding__hover=&#8220;|||&#8220; padding_phone=&#8220;20px|||&#8220;][et_pb_text _builder_version=&#8220;4.24.3&#8243; text_font=&#8220;Georama||||||||&#8220; text_text_color=&#8220;#fefefe&#8220; text_font_size=&#8220;18px&#8220; text_line_height=&#8220;1.8em&#8220; background_layout=&#8220;dark&#8220; custom_margin=&#8220;auto||0px||false|false&#8220; custom_margin_tablet=&#8220;||20px||false|false&#8220; custom_margin_phone=&#8220;||20px||false|false&#8220; custom_margin_last_edited=&#8220;on|tablet&#8220; text_font_size_tablet=&#8220;&#8220; text_font_size_phone=&#8220;14px&#8220; text_font_size_last_edited=&#8220;on|phone&#8220; custom_css_main_element=&#8220;font-weight:400;&#8220; global_colors_info=&#8220;{}&#8220;][\/et_pb_text][et_pb_blurb url=&#8220;#&#8220; use_icon=&#8220;on&#8220; font_icon=&#8220;&#x22;||divi||400&#8243; icon_color=&#8220;#ffffff&#8220; image_icon_width=&#8220;32px&#8220; icon_alignment=&#8220;left&#8220; _builder_version=&#8220;4.24.2&#8243; custom_margin=&#8220;auto||||false|false&#8220; custom_margin_tablet=&#8220;0px||||false|false&#8220; custom_margin_phone=&#8220;0px||||false|false&#8220; custom_margin_last_edited=&#8220;on|tablet&#8220; custom_css_blurb_image=&#8220;margin-bottom:0;&#8220; custom_css_blurb_content=&#8220;    margin-left: 0;&#8220; icon_font_size=&#8220;32px&#8220; global_colors_info=&#8220;{}&#8220;][\/et_pb_blurb][\/et_pb_column][\/et_pb_row][\/et_pb_section][et_pb_section fb_built=&#8220;1&#8243; custom_padding_last_edited=&#8220;on|phone&#8220; admin_label=&#8220;Legal&#8220; _builder_version=&#8220;4.24.3&#8243; _module_preset=&#8220;default&#8220; custom_padding=&#8220;80px||80px||false|false&#8220; custom_padding_tablet=&#8220;81px||81px||true|false&#8220; custom_padding_phone=&#8220;40px||40px||true|false&#8220; custom_css_before=&#8220;position:absolute;||background:rgba(5, 80, 143, .04);||right:0;||top:0;||left:50%;||bottom:0;||content:&#8220;;&#8220; locked=&#8220;off&#8220; global_colors_info=&#8220;{}&#8220;][et_pb_row make_equal=&#8220;on&#8220; custom_padding_last_edited=&#8220;on|phone&#8220; _builder_version=&#8220;4.24.3&#8243; _module_preset=&#8220;default&#8220; width=&#8220;90%&#8220; custom_padding_tablet=&#8220;&#8220; custom_padding_phone=&#8220;0px||0px|2px|true|false&#8220; global_colors_info=&#8220;{}&#8220;][et_pb_column type=&#8220;4_4&#8243; _builder_version=&#8220;4.24.3&#8243; _module_preset=&#8220;default&#8220; custom_padding=&#8220;||||false|false&#8220; global_colors_info=&#8220;{}&#8220; custom_css_main_element_last_edited=&#8220;on|phone&#8220;][et_pb_text _builder_version=&#8220;4.27.5&#8243; text_font=&#8220;Georama|300|||||||&#8220; text_text_color=&#8220;#000000&#8243; header_2_font=&#8220;Visby CF|700|||||||&#8220; header_2_font_size=&#8220;36px&#8220; header_4_font=&#8220;Visby CF|600||on|||||&#8220; header_4_text_color=&#8220;#000000&#8243; header_4_font_size=&#8220;16px&#8220; background_color=&#8220;#FFFFFF&#8220; custom_padding=&#8220;66px|30px|66px|30px|true|true&#8220; header_2_font_size_tablet=&#8220;30px&#8220; header_2_font_size_phone=&#8220;22px&#8220; header_2_font_size_last_edited=&#8220;on|phone&#8220; header_4_font_size_tablet=&#8220;&#8220; header_4_font_size_phone=&#8220;14px&#8220; header_4_font_size_last_edited=&#8220;on|phone&#8220; border_width_top=&#8220;2px&#8220; border_color_top=&#8220;gcid-2c75243b-fb99-436c-ba6d-576c772c3e1d&#8220; box_shadow_style=&#8220;preset2&#8243; box_shadow_horizontal=&#8220;0px&#8220; box_shadow_vertical=&#8220;0px&#8220; box_shadow_blur=&#8220;12px&#8220; box_shadow_color=&#8220;rgba(134,146,159,0.2)&#8220; locked=&#8220;off&#8220; global_colors_info=&#8220;{%22gcid-2c75243b-fb99-436c-ba6d-576c772c3e1d%22:%91%22border_color_top%22%93}&#8220;]<\/p>\n<p data-start=\"98\" data-end=\"124\"><strong data-start=\"101\" data-end=\"124\">Rechtlicher Hinweis<\/strong><\/p>\n<p><\/p>\n<p data-start=\"177\" data-end=\"367\">Die Inhalte dieser Website richten sich ausschlie\u00dflich an professionelle Investoren und\/oder geeignete Gegenparteien im Sinne der jeweils anwendbaren gesetzlichen Bestimmungen, insbesondere:<\/p>\n<p><\/p>\n<ul data-start=\"369\" data-end=\"768\">\n<li data-start=\"369\" data-end=\"495\">\n<p data-start=\"371\" data-end=\"495\"><strong data-start=\"371\" data-end=\"387\">Deutschland:<\/strong> professionelle Kunden und geeignete Gegenparteien im Sinne des \u00a7 67 des Wertpapierhandelsgesetzes (WpHG);<\/p>\n<\/li>\n<li data-start=\"496\" data-end=\"632\">\n<p data-start=\"498\" data-end=\"632\"><strong data-start=\"498\" data-end=\"513\">\u00d6sterreich:<\/strong> professionelle Kunden und geeignete Gegenparteien im Sinne des \u00a7 66 des Wertpapieraufsichtsgesetzes 2018 (WAG 2018);<\/p>\n<\/li>\n<li data-start=\"633\" data-end=\"768\">\n<p data-start=\"635\" data-end=\"768\"><strong data-start=\"635\" data-end=\"647\">Schweiz:<\/strong> ausschlie\u00dflich professionelle und institutionelle Kunden im Sinne von Art. 4 des Finanzdienstleistungsgesetzes (FIDLEG).<\/p>\n<\/li>\n<\/ul>\n<p><\/p>\n<p data-start=\"770\" data-end=\"1031\">Privatkunden und Privatanleger sind kategorisch ausgeschlossen. Der Zugriff auf diese Website durch Privatkunden ist nicht gestattet. Jede Weitergabe, Vervielf\u00e4ltigung oder Verbreitung der Inhalte \u2013 ganz oder teilweise \u2013 an unberechtigte Personen ist untersagt.<\/p>\n<p><\/p>\n<p><strong>Keine Anlageberatung \/ Kein Angebot<\/strong><\/p>\n<p><\/p>\n<p data-start=\"475\" data-end=\"679\">Die auf dieser Website bereitgestellten Informationen dienen ausschlie\u00dflich allgemeinen Informationszwecken und stellen weder eine Anlageberatung noch ein Angebot oder eine Empfehlung zum Kauf, Halten oder Verkauf von Finanzinstrumenten dar. Eine individuelle Beratung erfolgt nicht.<\/p>\n<p><\/p>\n<p data-start=\"475\" data-end=\"679\">FundFinity ist eine Marke der VaR Value Research &amp; Media GmbH, Bachstra\u00dfe 12, 31174 Schellerten, Deutschland, gesetzlich vertreten durch den Gesch\u00e4ftsf\u00fchrer Thomas Schalow.<\/p>\n<p><\/p>\n<p data-start=\"475\" data-end=\"679\">Die Finanzanlagenvermittlung erfolgt \u2013 soweit einschl\u00e4gig \u2013 ausschlie\u00dflich durch die VaR Value Research &amp; Media GmbH als Finanzanlagenvermittler gem\u00e4\u00df \u00a7 34f der Gewerbeordnung (GewO) im Rahmen des jeweils erteilten Erlaubnisumfangs. Die VaR Value Research &amp; Media GmbH ist im Vermittlerregister der zust\u00e4ndigen Industrie- und Handelskammer (IHK) eingetragen (Vermittlerregister-Nummer: D-F-133-ZN2U-02).<\/p>\n<p><\/p>\n<p data-start=\"174\" data-end=\"201\"><strong data-start=\"177\" data-end=\"201\">Haftungsbeschr\u00e4nkung<\/strong><\/p>\n<p><\/p>\n<p data-start=\"203\" data-end=\"509\">Die auf dieser Website enthaltenen Informationen wurden mit der gebotenen Sorgfalt erstellt. Dennoch wird keine Gew\u00e4hr f\u00fcr die Richtigkeit, Vollst\u00e4ndigkeit oder Aktualit\u00e4t der bereitgestellten Inhalte \u00fcbernommen. Es besteht keine Verpflichtung zur Aktualisierung, \u00c4nderung oder Korrektur der Informationen.<\/p>\n<p><\/p>\n<p data-start=\"511\" data-end=\"733\">Investitionen in Finanzinstrumente sind mit Risiken verbunden und k\u00f6nnen zum vollst\u00e4ndigen Verlust des eingesetzten Kapitals f\u00fchren. Vergangene Wertentwicklungen sind kein verl\u00e4sslicher Indikator f\u00fcr zuk\u00fcnftige Ergebnisse.<\/p>\n<p><\/p>\n<p data-start=\"735\" data-end=\"1174\">FundFinity sowie die VaR Value Research &amp; Media GmbH sowie deren jeweilige Organe, Mitarbeiter und Erf\u00fcllungsgehilfen haften \u2013 soweit gesetzlich zul\u00e4ssig \u2013 nicht f\u00fcr unmittelbare oder mittelbare Sch\u00e4den, die aus oder im Zusammenhang mit der Nutzung dieser Website oder der darin enthaltenen Informationen entstehen. Dies gilt insbesondere f\u00fcr Sch\u00e4den, die aus der Verwendung oder dem Vertrauen auf die bereitgestellten Inhalte resultieren.<\/p>\n<p><\/p>\n<p data-start=\"1176\" data-end=\"1334\">Diese Haftungsbeschr\u00e4nkung gilt nicht bei Vorsatz oder grober Fahrl\u00e4ssigkeit sowie f\u00fcr Sch\u00e4den aus der Verletzung des Lebens, des K\u00f6rpers oder der Gesundheit.<\/p>\n<p><\/p>\n<p data-start=\"1341\" data-end=\"1376\"><strong data-start=\"1344\" data-end=\"1376\">Verweise auf Inhalte Dritter<\/strong><\/p>\n<p><\/p>\n<p data-start=\"1378\" data-end=\"1670\">Diese Website kann Verweise oder Links zu externen Websites Dritter enthalten. FundFinity und die VaR Value Research &amp; Media GmbH \u00fcbernehmen keine Verantwortung f\u00fcr die Inhalte solcher externer Websites; es gelten die jeweiligen rechtlichen Hinweise und Nutzungsbedingungen der Drittanbieter.<\/p>\n<p><\/p>\n<p data-start=\"1677\" data-end=\"1707\"><strong data-start=\"1680\" data-end=\"1707\">Einverst\u00e4ndniserkl\u00e4rung<\/strong><\/p>\n<p><\/p>\n<p data-start=\"1709\" data-end=\"1860\">Mit dem Zugriff auf diese Website und der Nutzung der darin enthaltenen Informationen erkl\u00e4ren Sie sich mit diesen rechtlichen Hinweisen einverstanden.<\/p>\n<p>[\/et_pb_text][\/et_pb_column][\/et_pb_row][\/et_pb_section]<\/p>\n","protected":false},"excerpt":{"rendered":"<p>Haftungs ausschlussRechtlicher HinweisDie Inhalte dieser Website richten sich ausschlie\u00dflich an professionelle Investoren und\/oder geeignete Gegenparteien im Sinne der jeweils anwendbaren gesetzlichen Bestimmungen, insbesondere: Deutschland: professionelle Kunden und geeignete Gegenparteien im Sinne des \u00a7 67 des Wertpapierhandelsgesetzes (WpHG); \u00d6sterreich: professionelle Kunden und geeignete Gegenparteien im Sinne des \u00a7 66 des Wertpapieraufsichtsgesetzes 2018 (WAG 2018); Schweiz: ausschlie\u00dflich [&hellip;]<\/p>\n","protected":false},"author":2,"featured_media":0,"parent":0,"menu_order":0,"comment_status":"closed","ping_status":"closed","template":"","meta":{"_et_pb_use_builder":"on","_et_pb_old_content":"","_et_gb_content_width":"","footnotes":""},"class_list":["post-2166","page","type-page","status-publish","hentry"],"yoast_head":"<!-- This site is optimized with the Yoast SEO plugin v27.4 - https:\/\/yoast.com\/product\/yoast-seo-wordpress\/ -->\n<title>Haftungsausschluss - FundFinity | Third Party Marketing | Placement Agent<\/title>\n<meta name=\"robots\" content=\"index, follow, max-snippet:-1, max-image-preview:large, max-video-preview:-1\" \/>\n<link rel=\"canonical\" href=\"https:\/\/fundfinity.net\/de\/haftungsausschluss\/\" \/>\n<meta property=\"og:locale\" content=\"de_DE\" \/>\n<meta property=\"og:type\" content=\"article\" \/>\n<meta property=\"og:title\" content=\"Haftungsausschluss - FundFinity | Third Party Marketing | Placement Agent\" \/>\n<meta property=\"og:description\" content=\"Haftungs ausschlussRechtlicher HinweisDie Inhalte dieser Website richten sich ausschlie\u00dflich an professionelle Investoren und\/oder geeignete Gegenparteien im Sinne der jeweils anwendbaren gesetzlichen Bestimmungen, insbesondere: Deutschland: professionelle Kunden und geeignete Gegenparteien im Sinne des \u00a7 67 des Wertpapierhandelsgesetzes (WpHG); \u00d6sterreich: professionelle Kunden und geeignete Gegenparteien im Sinne des \u00a7 66 des Wertpapieraufsichtsgesetzes 2018 (WAG 2018); Schweiz: ausschlie\u00dflich [&hellip;]\" \/>\n<meta property=\"og:url\" content=\"https:\/\/fundfinity.net\/de\/haftungsausschluss\/\" \/>\n<meta property=\"og:site_name\" content=\"FundFinity | Third Party Marketing | Placement Agent\" \/>\n<meta property=\"article:modified_time\" content=\"2026-01-26T14:15:28+00:00\" \/>\n<meta property=\"og:image\" content=\"https:\/\/fundfinity.net\/wp-content\/uploads\/2024\/03\/fundfinity-dark.png\" \/>\n\t<meta property=\"og:image:width\" content=\"264\" \/>\n\t<meta property=\"og:image:height\" content=\"60\" \/>\n\t<meta property=\"og:image:type\" content=\"image\/png\" \/>\n<meta name=\"twitter:card\" content=\"summary_large_image\" \/>\n<meta name=\"twitter:label1\" content=\"Gesch\u00e4tzte Lesezeit\" \/>\n\t<meta name=\"twitter:data1\" content=\"6\u00a0Minuten\" \/>\n<script type=\"application\/ld+json\" class=\"yoast-schema-graph\">{\"@context\":\"https:\\\/\\\/schema.org\",\"@graph\":[{\"@type\":\"WebPage\",\"@id\":\"https:\\\/\\\/fundfinity.net\\\/de\\\/haftungsausschluss\\\/\",\"url\":\"https:\\\/\\\/fundfinity.net\\\/de\\\/haftungsausschluss\\\/\",\"name\":\"Haftungsausschluss - FundFinity | Third Party Marketing | Placement Agent\",\"isPartOf\":{\"@id\":\"https:\\\/\\\/fundfinity.net\\\/de\\\/#website\"},\"datePublished\":\"2024-09-15T23:30:07+00:00\",\"dateModified\":\"2026-01-26T14:15:28+00:00\",\"breadcrumb\":{\"@id\":\"https:\\\/\\\/fundfinity.net\\\/de\\\/haftungsausschluss\\\/#breadcrumb\"},\"inLanguage\":\"de\",\"potentialAction\":[{\"@type\":\"ReadAction\",\"target\":[\"https:\\\/\\\/fundfinity.net\\\/de\\\/haftungsausschluss\\\/\"]}]},{\"@type\":\"BreadcrumbList\",\"@id\":\"https:\\\/\\\/fundfinity.net\\\/de\\\/haftungsausschluss\\\/#breadcrumb\",\"itemListElement\":[{\"@type\":\"ListItem\",\"position\":1,\"name\":\"Home\",\"item\":\"https:\\\/\\\/fundfinity.net\\\/de\\\/\"},{\"@type\":\"ListItem\",\"position\":2,\"name\":\"Haftungsausschluss\"}]},{\"@type\":\"WebSite\",\"@id\":\"https:\\\/\\\/fundfinity.net\\\/de\\\/#website\",\"url\":\"https:\\\/\\\/fundfinity.net\\\/de\\\/\",\"name\":\"FundFinity\",\"description\":\"We help asset managers to distribute their funds.\",\"publisher\":{\"@id\":\"https:\\\/\\\/fundfinity.net\\\/de\\\/#organization\"},\"potentialAction\":[{\"@type\":\"SearchAction\",\"target\":{\"@type\":\"EntryPoint\",\"urlTemplate\":\"https:\\\/\\\/fundfinity.net\\\/de\\\/?s={search_term_string}\"},\"query-input\":{\"@type\":\"PropertyValueSpecification\",\"valueRequired\":true,\"valueName\":\"search_term_string\"}}],\"inLanguage\":\"de\"},{\"@type\":\"Organization\",\"@id\":\"https:\\\/\\\/fundfinity.net\\\/de\\\/#organization\",\"name\":\"FundFinity | Third Party Marketing | Placement Agent\",\"url\":\"https:\\\/\\\/fundfinity.net\\\/de\\\/\",\"logo\":{\"@type\":\"ImageObject\",\"inLanguage\":\"de\",\"@id\":\"https:\\\/\\\/fundfinity.net\\\/de\\\/#\\\/schema\\\/logo\\\/image\\\/\",\"url\":\"https:\\\/\\\/fundfinity.net\\\/wp-content\\\/uploads\\\/2024\\\/03\\\/fundfinity-dark.png\",\"contentUrl\":\"https:\\\/\\\/fundfinity.net\\\/wp-content\\\/uploads\\\/2024\\\/03\\\/fundfinity-dark.png\",\"width\":264,\"height\":60,\"caption\":\"FundFinity | Third Party Marketing | Placement Agent\"},\"image\":{\"@id\":\"https:\\\/\\\/fundfinity.net\\\/de\\\/#\\\/schema\\\/logo\\\/image\\\/\"}}]}<\/script>\n<!-- \/ Yoast SEO plugin. -->","yoast_head_json":{"title":"Haftungsausschluss - FundFinity | Third Party Marketing | Placement Agent","robots":{"index":"index","follow":"follow","max-snippet":"max-snippet:-1","max-image-preview":"max-image-preview:large","max-video-preview":"max-video-preview:-1"},"canonical":"https:\/\/fundfinity.net\/de\/haftungsausschluss\/","og_locale":"de_DE","og_type":"article","og_title":"Haftungsausschluss - FundFinity | Third Party Marketing | Placement Agent","og_description":"Haftungs ausschlussRechtlicher HinweisDie Inhalte dieser Website richten sich ausschlie\u00dflich an professionelle Investoren und\/oder geeignete Gegenparteien im Sinne der jeweils anwendbaren gesetzlichen Bestimmungen, insbesondere: Deutschland: professionelle Kunden und geeignete Gegenparteien im Sinne des \u00a7 67 des Wertpapierhandelsgesetzes (WpHG); \u00d6sterreich: professionelle Kunden und geeignete Gegenparteien im Sinne des \u00a7 66 des Wertpapieraufsichtsgesetzes 2018 (WAG 2018); Schweiz: ausschlie\u00dflich [&hellip;]","og_url":"https:\/\/fundfinity.net\/de\/haftungsausschluss\/","og_site_name":"FundFinity | Third Party Marketing | Placement Agent","article_modified_time":"2026-01-26T14:15:28+00:00","og_image":[{"width":264,"height":60,"url":"https:\/\/fundfinity.net\/wp-content\/uploads\/2024\/03\/fundfinity-dark.png","type":"image\/png"}],"twitter_card":"summary_large_image","twitter_misc":{"Gesch\u00e4tzte Lesezeit":"6\u00a0Minuten"},"schema":{"@context":"https:\/\/schema.org","@graph":[{"@type":"WebPage","@id":"https:\/\/fundfinity.net\/de\/haftungsausschluss\/","url":"https:\/\/fundfinity.net\/de\/haftungsausschluss\/","name":"Haftungsausschluss - FundFinity | Third Party Marketing | Placement Agent","isPartOf":{"@id":"https:\/\/fundfinity.net\/de\/#website"},"datePublished":"2024-09-15T23:30:07+00:00","dateModified":"2026-01-26T14:15:28+00:00","breadcrumb":{"@id":"https:\/\/fundfinity.net\/de\/haftungsausschluss\/#breadcrumb"},"inLanguage":"de","potentialAction":[{"@type":"ReadAction","target":["https:\/\/fundfinity.net\/de\/haftungsausschluss\/"]}]},{"@type":"BreadcrumbList","@id":"https:\/\/fundfinity.net\/de\/haftungsausschluss\/#breadcrumb","itemListElement":[{"@type":"ListItem","position":1,"name":"Home","item":"https:\/\/fundfinity.net\/de\/"},{"@type":"ListItem","position":2,"name":"Haftungsausschluss"}]},{"@type":"WebSite","@id":"https:\/\/fundfinity.net\/de\/#website","url":"https:\/\/fundfinity.net\/de\/","name":"FundFinity","description":"We help asset managers to distribute their funds.","publisher":{"@id":"https:\/\/fundfinity.net\/de\/#organization"},"potentialAction":[{"@type":"SearchAction","target":{"@type":"EntryPoint","urlTemplate":"https:\/\/fundfinity.net\/de\/?s={search_term_string}"},"query-input":{"@type":"PropertyValueSpecification","valueRequired":true,"valueName":"search_term_string"}}],"inLanguage":"de"},{"@type":"Organization","@id":"https:\/\/fundfinity.net\/de\/#organization","name":"FundFinity | Third Party Marketing | Placement Agent","url":"https:\/\/fundfinity.net\/de\/","logo":{"@type":"ImageObject","inLanguage":"de","@id":"https:\/\/fundfinity.net\/de\/#\/schema\/logo\/image\/","url":"https:\/\/fundfinity.net\/wp-content\/uploads\/2024\/03\/fundfinity-dark.png","contentUrl":"https:\/\/fundfinity.net\/wp-content\/uploads\/2024\/03\/fundfinity-dark.png","width":264,"height":60,"caption":"FundFinity | Third Party Marketing | Placement Agent"},"image":{"@id":"https:\/\/fundfinity.net\/de\/#\/schema\/logo\/image\/"}}]}},"_links":{"self":[{"href":"https:\/\/fundfinity.net\/de\/wp-json\/wp\/v2\/pages\/2166","targetHints":{"allow":["GET"]}}],"collection":[{"href":"https:\/\/fundfinity.net\/de\/wp-json\/wp\/v2\/pages"}],"about":[{"href":"https:\/\/fundfinity.net\/de\/wp-json\/wp\/v2\/types\/page"}],"author":[{"embeddable":true,"href":"https:\/\/fundfinity.net\/de\/wp-json\/wp\/v2\/users\/2"}],"replies":[{"embeddable":true,"href":"https:\/\/fundfinity.net\/de\/wp-json\/wp\/v2\/comments?post=2166"}],"version-history":[{"count":11,"href":"https:\/\/fundfinity.net\/de\/wp-json\/wp\/v2\/pages\/2166\/revisions"}],"predecessor-version":[{"id":2269,"href":"https:\/\/fundfinity.net\/de\/wp-json\/wp\/v2\/pages\/2166\/revisions\/2269"}],"wp:attachment":[{"href":"https:\/\/fundfinity.net\/de\/wp-json\/wp\/v2\/media?parent=2166"}],"curies":[{"name":"wp","href":"https:\/\/api.w.org\/{rel}","templated":true}]}}